{"id":9,"date":"2025-06-30T07:27:44","date_gmt":"2025-06-30T07:27:44","guid":{"rendered":"https:\/\/hettalentpunt.nl\/?page_id=9"},"modified":"2026-02-01T16:26:18","modified_gmt":"2026-02-01T16:26:18","slug":"professionalisering","status":"publish","type":"page","link":"https:\/\/hettalentpunt.nl\/index.php\/professionalisering\/","title":{"rendered":"Professionalisering"},"content":{"rendered":"\n<div class=\"wp-block-group alignfull has-accent-4-background-color has-background has-global-padding is-layout-constrained wp-container-core-group-is-layout-669513ed wp-block-group-is-layout-constrained\" style=\"margin-top:0;margin-bottom:0;padding-top:var(--wp--preset--spacing--50);padding-right:var(--wp--preset--spacing--50);padding-bottom:var(--wp--preset--spacing--50);padding-left:var(--wp--preset--spacing--50)\">\n<div class=\"wp-block-columns alignwide is-layout-flex wp-container-core-columns-is-layout-1da03c2a wp-block-columns-is-layout-flex\">\n<div class=\"wp-block-column is-vertically-aligned-stretch is-layout-flow wp-block-column-is-layout-flow\" style=\"flex-basis:100%\">\n<h3 class=\"wp-block-heading\">Gratis online casu\u00efstiekbijeenkomsten voor het onderwijs<\/h3>\n\n\n\n<p class=\"has-medium-font-size\"><strong>Gratis online casu\u00efstiekbijeenkomsten voor het onderwijs<\/strong><\/p>\n\n\n\n<p>Een aantal keren per jaar organiseert het Talentpunt gratis casu\u00efstiekbijeenkomsten voor het onderwijs.<br><br>Werk jij met hoogbegaafde leerlingen in het onderwijs en wil je graag van en met elkaar meer leren over hoe je deze leerlingen nog beter kan begeleiden? Meld je dan nu aan voor de eerste online casu\u00efstiekbijeenkomst van dit jaar!<br><br><em>Wanneer?<\/em><br><strong>Maandag 16 februari van 10:00-11:00 uur<\/strong> <em>casu\u00efstiekbijeenkomst PO<\/em><br><strong>Maandag 16 februari om 12:00-13:00 uur <\/strong><em>casu\u00efstiekbijeenkomst VO<\/em><br><br>Er is ruimte voor maximaal 6 personen per groep.<br>Aanmelden is eenvoudig, stuur een mail met je naam en keuze PO of VO naar info@hettalentpunt.nl <a href=\"mailto:info@hettalentpunt.nl\">nfo@hettalentpunt.nl<\/a>.<\/p>\n\n\n\n<h2 class=\"wp-block-heading has-medium-font-size\"><strong>Workshops\/ trainingen<\/strong><\/h2>\n\n\n\n<p>Het Talentpunt biedt trainingen en workshops op maat voor leerkrachten en docenten in het (speciaal) basisonderwijs en voortgezet onderwijs. Ook individuele coaching is mogelijk. <\/p>\n\n\n\n<p>Wil je meer weten over de mogelijkheden? Neem contact met mij op.<\/p>\n\n\n\n<div class=\"wp-block-group has-global-padding is-content-justification-left is-layout-constrained wp-container-core-group-is-layout-9fe8ed88 wp-block-group-is-layout-constrained\">\n<div class=\"wp-block-buttons is-layout-flex wp-block-buttons-is-layout-flex\">\n<div class=\"wp-block-button\"><a class=\"wp-block-button__link has-background wp-element-button\" href=\"https:\/\/hettalentpunt.nl\/index.php\/contact\/\" style=\"background-color:#e08d79\">Contact<\/a><\/div>\n<\/div>\n<\/div>\n<\/div>\n<\/div>\n<\/div>\n","protected":false},"excerpt":{"rendered":"<p>Gratis online casu\u00efstiekbijeenkomsten voor het onderwijs Gratis online casu\u00efstiekbijeenkomsten voor het onderwijs Een aantal keren per jaar organiseert het Talentpunt gratis casu\u00efstiekbijeenkomsten voor het onderwijs. Werk jij met hoogbegaafde leerlingen in het onderwijs en wil je graag van en met elkaar meer leren over hoe je deze leerlingen nog beter kan begeleiden? Meld je dan [&hellip;]<\/p>\n","protected":false},"author":1,"featured_media":0,"parent":0,"menu_order":0,"comment_status":"closed","ping_status":"closed","template":"","meta":{"footnotes":""},"class_list":["post-9","page","type-page","status-publish","hentry"],"aioseo_notices":[],"_links":{"self":[{"href":"https:\/\/hettalentpunt.nl\/index.php\/wp-json\/wp\/v2\/pages\/9","targetHints":{"allow":["GET"]}}],"collection":[{"href":"https:\/\/hettalentpunt.nl\/index.php\/wp-json\/wp\/v2\/pages"}],"about":[{"href":"https:\/\/hettalentpunt.nl\/index.php\/wp-json\/wp\/v2\/types\/page"}],"author":[{"embeddable":true,"href":"https:\/\/hettalentpunt.nl\/index.php\/wp-json\/wp\/v2\/users\/1"}],"replies":[{"embeddable":true,"href":"https:\/\/hettalentpunt.nl\/index.php\/wp-json\/wp\/v2\/comments?post=9"}],"version-history":[{"count":28,"href":"https:\/\/hettalentpunt.nl\/index.php\/wp-json\/wp\/v2\/pages\/9\/revisions"}],"predecessor-version":[{"id":510,"href":"https:\/\/hettalentpunt.nl\/index.php\/wp-json\/wp\/v2\/pages\/9\/revisions\/510"}],"wp:attachment":[{"href":"https:\/\/hettalentpunt.nl\/index.php\/wp-json\/wp\/v2\/media?parent=9"}],"curies":[{"name":"wp","href":"https:\/\/api.w.org\/{rel}","templated":true}]}}